{"id":10,"date":"2024-05-27T10:48:33","date_gmt":"2024-05-27T07:48:33","guid":{"rendered":"https:\/\/www.mediaguru.fi\/myynnissa\/?page_id=10"},"modified":"2026-02-23T05:58:16","modified_gmt":"2026-02-23T03:58:16","slug":"asfaltti-net-ja-talkkarit-com-myytavana","status":"publish","type":"page","link":"https:\/\/www.mediaguru.fi\/myynnissa\/","title":{"rendered":"Asfaltti.net osoite on myynniss\u00e4! Kysy lis\u00e4tietoja 040 515 6870 !!"},"content":{"rendered":"<div class=\"wpb-content-wrapper\"><p>[vc_row][vc_column][vc_column_text css=&#8221;&#8221;]<\/p>\n<p style=\"text-align: center;\"><strong>Asfaltti.net osoite on myynniss\u00e4!<\/strong><\/p>\n<p style=\"text-align: center;\">Ota yhteytt\u00e4 ja kysy lis\u00e4tietoja!<\/p>\n<p style=\"text-align: center;\"><strong>Jani Kekoni \/ Mediaguru.fi<\/strong><br \/>\n<a href=\"tel:+358405156870\">+358 40 515 6870<\/a><br \/>\n<a href=\"mailto:jani.kekoni@mediaguru.fi\">jani.kekoni@mediaguru.fi<\/a><\/p>\n<p>[\/vc_column_text][\/vc_column][\/vc_row]<\/p>\n<\/div>","protected":false},"excerpt":{"rendered":"<p>[vc_row][vc_column][vc_column_text css=&#8221;&#8221;] Asfaltti.net osoite on myynniss\u00e4! Ota yhteytt\u00e4 ja kysy lis\u00e4tietoja! Jani Kekoni \/ Mediaguru.fi +358 40 515 6870 jani.kekoni@mediaguru.fi [\/vc_column_text][\/vc_column][\/vc_row]<\/p>\n","protected":false},"author":1,"featured_media":0,"parent":0,"menu_order":0,"comment_status":"closed","ping_status":"closed","template":"","meta":{"footnotes":""},"class_list":["post-10","page","type-page","status-publish","hentry","description-off"],"_links":{"self":[{"href":"https:\/\/www.mediaguru.fi\/myynnissa\/wp-json\/wp\/v2\/pages\/10","targetHints":{"allow":["GET"]}}],"collection":[{"href":"https:\/\/www.mediaguru.fi\/myynnissa\/wp-json\/wp\/v2\/pages"}],"about":[{"href":"https:\/\/www.mediaguru.fi\/myynnissa\/wp-json\/wp\/v2\/types\/page"}],"author":[{"embeddable":true,"href":"https:\/\/www.mediaguru.fi\/myynnissa\/wp-json\/wp\/v2\/users\/1"}],"replies":[{"embeddable":true,"href":"https:\/\/www.mediaguru.fi\/myynnissa\/wp-json\/wp\/v2\/comments?post=10"}],"version-history":[{"count":7,"href":"https:\/\/www.mediaguru.fi\/myynnissa\/wp-json\/wp\/v2\/pages\/10\/revisions"}],"predecessor-version":[{"id":23,"href":"https:\/\/www.mediaguru.fi\/myynnissa\/wp-json\/wp\/v2\/pages\/10\/revisions\/23"}],"wp:attachment":[{"href":"https:\/\/www.mediaguru.fi\/myynnissa\/wp-json\/wp\/v2\/media?parent=10"}],"curies":[{"name":"wp","href":"https:\/\/api.w.org\/{rel}","templated":true}]}}